{"id":164,"date":"2017-07-18T16:07:47","date_gmt":"2017-07-18T16:07:47","guid":{"rendered":"http:\/\/www.premiumgroup-al.com\/web\/?page_id=164"},"modified":"2018-09-21T17:40:22","modified_gmt":"2018-09-21T16:40:22","slug":"oferta-turistike-jashte-shqiperise","status":"publish","type":"page","link":"http:\/\/www.premiumgroup-al.com\/web\/oferta-turistike-jashte-shqiperise\/","title":{"rendered":"Oferta turistike jasht\u00eb Shqip\u00ebris\u00eb"},"content":{"rendered":"","protected":false},"excerpt":{"rendered":"","protected":false},"author":1,"featured_media":0,"parent":0,"menu_order":0,"comment_status":"closed","ping_status":"closed","template":"","meta":{"footnotes":""},"_links":{"self":[{"href":"http:\/\/www.premiumgroup-al.com\/web\/wp-json\/wp\/v2\/pages\/164"}],"collection":[{"href":"http:\/\/www.premiumgroup-al.com\/web\/wp-json\/wp\/v2\/pages"}],"about":[{"href":"http:\/\/www.premiumgroup-al.com\/web\/wp-json\/wp\/v2\/types\/page"}],"author":[{"embeddable":true,"href":"http:\/\/www.premiumgroup-al.com\/web\/wp-json\/wp\/v2\/users\/1"}],"replies":[{"embeddable":true,"href":"http:\/\/www.premiumgroup-al.com\/web\/wp-json\/wp\/v2\/comments?post=164"}],"version-history":[{"count":0,"href":"http:\/\/www.premiumgroup-al.com\/web\/wp-json\/wp\/v2\/pages\/164\/revisions"}],"wp:attachment":[{"href":"http:\/\/www.premiumgroup-al.com\/web\/wp-json\/wp\/v2\/media?parent=164"}],"curies":[{"name":"wp","href":"https:\/\/api.w.org\/{rel}","templated":true}]}}